{"id":21,"date":"2023-08-25T11:42:58","date_gmt":"2023-08-25T14:42:58","guid":{"rendered":"http:\/\/novelli.eti.br\/site_novelli\/?page_id=21"},"modified":"2024-01-24T08:52:09","modified_gmt":"2024-01-24T11:52:09","slug":"sobre","status":"publish","type":"page","link":"https:\/\/novelli.eti.br\/site_novelli\/sobre\/","title":{"rendered":"Sobre"},"content":{"rendered":"\n<p>Nerd de carteirinha, trabalho como especialista de suporte de Ti, especialista em subsistemas de armazenamento SAN\/Storage a mais de 15 anos, mas j\u00e1 trabalhei com sistemas operacionais e sistemas.<\/p>\n\n\n\n<p>Pai de dois, Marido e Tutor de dois c\u00e3es, sou muito caseiro e gosto de aproveitar o tempo livre na minha &#8220;caverna&#8221;.<\/p>\n\n\n\n<p>Gosto de natureza e sou adepto de filosofias de vida que tragam para s\u00ed toda a responsabilidade da nossa exist\u00eancia. Saber cultivar, cozinhar, manter uma casa, construir coisas e se defender est\u00e3o entre v\u00e1rias outras atividades que me despertam interesse.<\/p>\n\n\n\n<p>Este website tem como objetivo documentar algumas dessas atividades de interesse e quem sabe, permitir que algu\u00e9m com interesse em comum aprenda algo \u00fatil (ou n\u00e3o, rs).<\/p>\n","protected":false},"excerpt":{"rendered":"<p>Nerd de carteirinha, trabalho como especialista de suporte de Ti, especialista em subsistemas de armazenamento SAN\/Storage a mais de 15 anos, mas j\u00e1 trabalhei com sistemas operacionais e sistemas. Pai de dois, Marido e Tutor de dois c\u00e3es, sou muito caseiro e gosto de aproveitar o tempo livre na minha &#8220;caverna&#8221;. Gosto de natureza e &hellip; <\/p>\n<p class=\"link-more\"><a href=\"https:\/\/novelli.eti.br\/site_novelli\/sobre\/\" class=\"more-link\">Continue lendo<span class=\"screen-reader-text\"> &#8220;Sobre&#8221;<\/span><\/a><\/p>\n","protected":false},"author":1,"featured_media":0,"parent":0,"menu_order":0,"comment_status":"closed","ping_status":"closed","template":"","meta":{"footnotes":""},"class_list":["post-21","page","type-page","status-publish","hentry"],"_links":{"self":[{"href":"https:\/\/novelli.eti.br\/site_novelli\/wp-json\/wp\/v2\/pages\/21","targetHints":{"allow":["GET"]}}],"collection":[{"href":"https:\/\/novelli.eti.br\/site_novelli\/wp-json\/wp\/v2\/pages"}],"about":[{"href":"https:\/\/novelli.eti.br\/site_novelli\/wp-json\/wp\/v2\/types\/page"}],"author":[{"embeddable":true,"href":"https:\/\/novelli.eti.br\/site_novelli\/wp-json\/wp\/v2\/users\/1"}],"replies":[{"embeddable":true,"href":"https:\/\/novelli.eti.br\/site_novelli\/wp-json\/wp\/v2\/comments?post=21"}],"version-history":[{"count":3,"href":"https:\/\/novelli.eti.br\/site_novelli\/wp-json\/wp\/v2\/pages\/21\/revisions"}],"predecessor-version":[{"id":61,"href":"https:\/\/novelli.eti.br\/site_novelli\/wp-json\/wp\/v2\/pages\/21\/revisions\/61"}],"wp:attachment":[{"href":"https:\/\/novelli.eti.br\/site_novelli\/wp-json\/wp\/v2\/media?parent=21"}],"curies":[{"name":"wp","href":"https:\/\/api.w.org\/{rel}","templated":true}]}}