{"id":22,"date":"2023-08-25T11:42:58","date_gmt":"2023-08-25T14:42:58","guid":{"rendered":"http:\/\/novelli.eti.br\/site_novelli\/?page_id=22"},"modified":"2024-01-26T08:33:34","modified_gmt":"2024-01-26T11:33:34","slug":"contato","status":"publish","type":"page","link":"https:\/\/novelli.eti.br\/site_novelli\/contato\/","title":{"rendered":"Contato"},"content":{"rendered":"\n<p>Se voc\u00ea gostou do conte\u00fado deste site e quer fazer um coment\u00e1rio, se voc\u00ea percebeu que algo pode ser melhorado, ou se voc\u00ea deseja saber mais sobre algum tema especifico, entre em contato comigo pelo e-mail disponibilizado no rodap\u00e9 da p\u00e1gina. <\/p>\n","protected":false},"excerpt":{"rendered":"<p>Se voc\u00ea gostou do conte\u00fado deste site e quer fazer um coment\u00e1rio, se voc\u00ea percebeu que algo pode ser melhorado, ou se voc\u00ea deseja saber mais sobre algum tema especifico, entre em contato comigo pelo e-mail disponibilizado no rodap\u00e9 da p\u00e1gina.<\/p>\n","protected":false},"author":1,"featured_media":0,"parent":0,"menu_order":0,"comment_status":"closed","ping_status":"closed","template":"","meta":{"footnotes":""},"class_list":["post-22","page","type-page","status-publish","hentry"],"_links":{"self":[{"href":"https:\/\/novelli.eti.br\/site_novelli\/wp-json\/wp\/v2\/pages\/22","targetHints":{"allow":["GET"]}}],"collection":[{"href":"https:\/\/novelli.eti.br\/site_novelli\/wp-json\/wp\/v2\/pages"}],"about":[{"href":"https:\/\/novelli.eti.br\/site_novelli\/wp-json\/wp\/v2\/types\/page"}],"author":[{"embeddable":true,"href":"https:\/\/novelli.eti.br\/site_novelli\/wp-json\/wp\/v2\/users\/1"}],"replies":[{"embeddable":true,"href":"https:\/\/novelli.eti.br\/site_novelli\/wp-json\/wp\/v2\/comments?post=22"}],"version-history":[{"count":3,"href":"https:\/\/novelli.eti.br\/site_novelli\/wp-json\/wp\/v2\/pages\/22\/revisions"}],"predecessor-version":[{"id":115,"href":"https:\/\/novelli.eti.br\/site_novelli\/wp-json\/wp\/v2\/pages\/22\/revisions\/115"}],"wp:attachment":[{"href":"https:\/\/novelli.eti.br\/site_novelli\/wp-json\/wp\/v2\/media?parent=22"}],"curies":[{"name":"wp","href":"https:\/\/api.w.org\/{rel}","templated":true}]}}